{"id":22532,"date":"2022-08-16T08:29:03","date_gmt":"2022-08-16T08:29:03","guid":{"rendered":"https:\/\/ambientair.com.mx\/descarga-catalogos-ambientair\/"},"modified":"2024-02-22T10:52:58","modified_gmt":"2024-02-22T10:52:58","slug":"download-catalogues-ambientair","status":"publish","type":"page","link":"https:\/\/ambientair.com.mx\/en\/download-catalogues-ambientair\/","title":{"rendered":"Download Catalogues &#8211; Ambientair"},"content":{"rendered":"\t\t<div data-elementor-type=\"wp-page\" data-elementor-id=\"22532\" class=\"elementor elementor-22532\">\n\t\t\t\t\t\t<section class=\"elementor-section elementor-top-section elementor-element elementor-element-739b0eb5 elementor-section-boxed elementor-section-height-default elementor-section-height-default\" data-id=\"739b0eb5\" data-element_type=\"section\" data-settings=\"{&quot;jet_parallax_layout_list&quot;:[{&quot;_id&quot;:&quot;2175dba&quot;,&quot;jet_parallax_layout_speed&quot;:{&quot;unit&quot;:&quot;%&quot;,&quot;size&quot;:49,&quot;sizes&quot;:[]},&quot;jet_parallax_layout_bg_y&quot;:47,&quot;jet_parallax_layout_image&quot;:{&quot;url&quot;:&quot;&quot;,&quot;id&quot;:&quot;&quot;,&quot;size&quot;:&quot;&quot;},&quot;jet_parallax_layout_image_tablet&quot;:{&quot;url&quot;:&quot;&quot;,&quot;id&quot;:&quot;&quot;,&quot;size&quot;:&quot;&quot;},&quot;jet_parallax_layout_image_mobile&quot;:{&quot;url&quot;:&quot;&quot;,&quot;id&quot;:&quot;&quot;,&quot;size&quot;:&quot;&quot;},&quot;jet_parallax_layout_type&quot;:&quot;scroll&quot;,&quot;jet_parallax_layout_direction&quot;:null,&quot;jet_parallax_layout_fx_direction&quot;:null,&quot;jet_parallax_layout_z_index&quot;:&quot;&quot;,&quot;jet_parallax_layout_bg_x&quot;:50,&quot;jet_parallax_layout_bg_x_tablet&quot;:&quot;&quot;,&quot;jet_parallax_layout_bg_x_mobile&quot;:&quot;&quot;,&quot;jet_parallax_layout_bg_y_tablet&quot;:&quot;&quot;,&quot;jet_parallax_layout_bg_y_mobile&quot;:&quot;&quot;,&quot;jet_parallax_layout_bg_size&quot;:&quot;auto&quot;,&quot;jet_parallax_layout_bg_size_tablet&quot;:&quot;&quot;,&quot;jet_parallax_layout_bg_size_mobile&quot;:&quot;&quot;,&quot;jet_parallax_layout_animation_prop&quot;:&quot;transform&quot;,&quot;jet_parallax_layout_on&quot;:[&quot;desktop&quot;,&quot;tablet&quot;]}]}\">\n\t\t\t\t\t\t\t<div class=\"elementor-background-overlay\"><\/div>\n\t\t\t\t\t\t\t<div class=\"elementor-container elementor-column-gap-default\">\n\t\t\t\t\t<div class=\"elementor-column elementor-col-50 elementor-top-column elementor-element elementor-element-44306a74\" data-id=\"44306a74\" data-element_type=\"column\" data-settings=\"{&quot;background_background&quot;:&quot;classic&quot;}\">\n\t\t\t<div class=\"elementor-widget-wrap elementor-element-populated\">\n\t\t\t\t\t<div class=\"elementor-background-overlay\"><\/div>\n\t\t\t\t\t\t<div class=\"elementor-element elementor-element-5048049a elementor-align-center elementor-widget elementor-widget-raven-heading\" data-id=\"5048049a\" data-element_type=\"widget\" data-widget_type=\"raven-heading.default\">\n\t\t\t\t<div class=\"elementor-widget-container\">\n\t\t\t\t\t<div class=\"raven-widget-wrapper\"><h1 class=\"raven-heading raven-heading-h1\"><span class=\"raven-heading-title\">Our home fragrance catalogue\n<\/span><\/h1><\/div>\n\t\t\t\t<\/div>\n\t\t\t\t<\/div>\n\t\t\t\t\t<\/div>\n\t\t<\/div>\n\t\t\t\t<div class=\"elementor-column elementor-col-50 elementor-top-column elementor-element elementor-element-75adb07f\" data-id=\"75adb07f\" data-element_type=\"column\">\n\t\t\t<div class=\"elementor-widget-wrap elementor-element-populated\">\n\t\t\t\t\t\t<section class=\"elementor-section elementor-inner-section elementor-element elementor-element-66b672a3 elementor-section-boxed elementor-section-height-default elementor-section-height-default\" data-id=\"66b672a3\" data-element_type=\"section\" data-settings=\"{&quot;jet_parallax_layout_list&quot;:[{&quot;jet_parallax_layout_image&quot;:{&quot;url&quot;:&quot;&quot;,&quot;id&quot;:&quot;&quot;,&quot;size&quot;:&quot;&quot;},&quot;_id&quot;:&quot;af2730e&quot;,&quot;jet_parallax_layout_image_tablet&quot;:{&quot;url&quot;:&quot;&quot;,&quot;id&quot;:&quot;&quot;,&quot;size&quot;:&quot;&quot;},&quot;jet_parallax_layout_image_mobile&quot;:{&quot;url&quot;:&quot;&quot;,&quot;id&quot;:&quot;&quot;,&quot;size&quot;:&quot;&quot;},&quot;jet_parallax_layout_speed&quot;:{&quot;unit&quot;:&quot;%&quot;,&quot;size&quot;:50,&quot;sizes&quot;:[]},&quot;jet_parallax_layout_type&quot;:&quot;scroll&quot;,&quot;jet_parallax_layout_direction&quot;:null,&quot;jet_parallax_layout_fx_direction&quot;:null,&quot;jet_parallax_layout_z_index&quot;:&quot;&quot;,&quot;jet_parallax_layout_bg_x&quot;:50,&quot;jet_parallax_layout_bg_x_tablet&quot;:&quot;&quot;,&quot;jet_parallax_layout_bg_x_mobile&quot;:&quot;&quot;,&quot;jet_parallax_layout_bg_y&quot;:50,&quot;jet_parallax_layout_bg_y_tablet&quot;:&quot;&quot;,&quot;jet_parallax_layout_bg_y_mobile&quot;:&quot;&quot;,&quot;jet_parallax_layout_bg_size&quot;:&quot;auto&quot;,&quot;jet_parallax_layout_bg_size_tablet&quot;:&quot;&quot;,&quot;jet_parallax_layout_bg_size_mobile&quot;:&quot;&quot;,&quot;jet_parallax_layout_animation_prop&quot;:&quot;transform&quot;,&quot;jet_parallax_layout_on&quot;:[&quot;desktop&quot;,&quot;tablet&quot;]}]}\">\n\t\t\t\t\t\t<div class=\"elementor-container elementor-column-gap-default\">\n\t\t\t\t\t<div class=\"elementor-column elementor-col-100 elementor-inner-column elementor-element elementor-element-683bbce\" data-id=\"683bbce\" data-element_type=\"column\">\n\t\t\t<div class=\"elementor-widget-wrap\">\n\t\t\t\t\t\t\t<\/div>\n\t\t<\/div>\n\t\t\t\t\t<\/div>\n\t\t<\/section>\n\t\t\t\t\t<\/div>\n\t\t<\/div>\n\t\t\t\t\t<\/div>\n\t\t<\/section>\n\t\t\t\t<section class=\"elementor-section elementor-top-section elementor-element elementor-element-fe3103a elementor-section-boxed elementor-section-height-default elementor-section-height-default\" data-id=\"fe3103a\" data-element_type=\"section\" data-settings=\"{&quot;jet_parallax_layout_list&quot;:[]}\">\n\t\t\t\t\t\t<div class=\"elementor-container elementor-column-gap-default\">\n\t\t\t\t\t<div class=\"elementor-column elementor-col-100 elementor-top-column elementor-element elementor-element-0330164\" data-id=\"0330164\" data-element_type=\"column\">\n\t\t\t<div class=\"elementor-widget-wrap elementor-element-populated\">\n\t\t\t\t\t\t<div class=\"elementor-element elementor-element-bd95cc5 elementor-widget elementor-widget-heading\" data-id=\"bd95cc5\" data-element_type=\"widget\" data-widget_type=\"heading.default\">\n\t\t\t\t<div class=\"elementor-widget-container\">\n\t\t\t<h2 class=\"elementor-heading-title elementor-size-default\">Thank you very much for coming this far!\n<\/h2>\t\t<\/div>\n\t\t\t\t<\/div>\n\t\t\t\t<div class=\"elementor-element elementor-element-1dc3b0b elementor-widget elementor-widget-heading\" data-id=\"1dc3b0b\" data-element_type=\"widget\" data-widget_type=\"heading.default\">\n\t\t\t\t<div class=\"elementor-widget-container\">\n\t\t\t<p class=\"elementor-heading-title elementor-size-default\">You can now download the Ambientair Catalogue\n<\/p>\t\t<\/div>\n\t\t\t\t<\/div>\n\t\t\t\t\t<\/div>\n\t\t<\/div>\n\t\t\t\t\t<\/div>\n\t\t<\/section>\n\t\t\t\t<section class=\"elementor-section elementor-top-section elementor-element elementor-element-129ab34f elementor-section-boxed elementor-section-height-default elementor-section-height-default\" data-id=\"129ab34f\" data-element_type=\"section\" data-settings=\"{&quot;jet_parallax_layout_list&quot;:[{&quot;jet_parallax_layout_image&quot;:{&quot;url&quot;:&quot;&quot;,&quot;id&quot;:&quot;&quot;,&quot;size&quot;:&quot;&quot;},&quot;_id&quot;:&quot;37cecde&quot;,&quot;jet_parallax_layout_speed&quot;:{&quot;unit&quot;:&quot;%&quot;,&quot;size&quot;:&quot;50&quot;,&quot;sizes&quot;:[]},&quot;jet_parallax_layout_bg_x&quot;:&quot;50&quot;,&quot;jet_parallax_layout_bg_y&quot;:&quot;50&quot;,&quot;jet_parallax_layout_image_tablet&quot;:{&quot;url&quot;:&quot;&quot;,&quot;id&quot;:&quot;&quot;,&quot;size&quot;:&quot;&quot;},&quot;jet_parallax_layout_image_mobile&quot;:{&quot;url&quot;:&quot;&quot;,&quot;id&quot;:&quot;&quot;,&quot;size&quot;:&quot;&quot;},&quot;jet_parallax_layout_type&quot;:&quot;scroll&quot;,&quot;jet_parallax_layout_direction&quot;:null,&quot;jet_parallax_layout_fx_direction&quot;:null,&quot;jet_parallax_layout_z_index&quot;:&quot;&quot;,&quot;jet_parallax_layout_bg_x_tablet&quot;:&quot;&quot;,&quot;jet_parallax_layout_bg_x_mobile&quot;:&quot;&quot;,&quot;jet_parallax_layout_bg_y_tablet&quot;:&quot;&quot;,&quot;jet_parallax_layout_bg_y_mobile&quot;:&quot;&quot;,&quot;jet_parallax_layout_bg_size&quot;:&quot;auto&quot;,&quot;jet_parallax_layout_bg_size_tablet&quot;:&quot;&quot;,&quot;jet_parallax_layout_bg_size_mobile&quot;:&quot;&quot;,&quot;jet_parallax_layout_animation_prop&quot;:&quot;transform&quot;,&quot;jet_parallax_layout_on&quot;:[&quot;desktop&quot;,&quot;tablet&quot;]}]}\">\n\t\t\t\t\t\t<div class=\"elementor-container elementor-column-gap-default\">\n\t\t\t\t\t<div class=\"elementor-column elementor-col-50 elementor-top-column elementor-element elementor-element-4c09fcd2 elementor-invisible\" data-id=\"4c09fcd2\" data-element_type=\"column\" data-settings=\"{&quot;animation&quot;:&quot;fadeInLeft&quot;}\">\n\t\t\t<div class=\"elementor-widget-wrap elementor-element-populated\">\n\t\t\t\t\t\t<div class=\"elementor-element elementor-element-3fff3f79 elementor-widget elementor-widget-image\" data-id=\"3fff3f79\" data-element_type=\"widget\" data-widget_type=\"image.default\">\n\t\t\t\t<div class=\"elementor-widget-container\">\n\t\t\t\t\t\t\t\t\t\t\t\t\t\t<a href=\"https:\/\/ambientair.es\/wp-content\/catalogos\/Catalogo_Ambientair.pdf\" target=\"_blank\">\n\t\t\t\t\t\t\t<img fetchpriority=\"high\" decoding=\"async\" width=\"703\" height=\"991\" src=\"https:\/\/ambientair.com.mx\/wp-content\/uploads\/2022\/08\/CatalogoAmbientair2022-.jpg\" class=\"attachment-full size-full wp-image-21632\" alt=\"\" srcset=\"https:\/\/ambientair.com.mx\/wp-content\/uploads\/2022\/08\/CatalogoAmbientair2022-.jpg 703w, https:\/\/ambientair.com.mx\/wp-content\/uploads\/2022\/08\/CatalogoAmbientair2022--213x300.jpg 213w\" sizes=\"(max-width: 703px) 100vw, 703px\" \/>\t\t\t\t\t\t\t\t<\/a>\n\t\t\t\t\t\t\t\t\t\t\t\t\t<\/div>\n\t\t\t\t<\/div>\n\t\t\t\t<div class=\"elementor-element elementor-element-4912e853 elementor-widget elementor-widget-spacer\" data-id=\"4912e853\" data-element_type=\"widget\" data-widget_type=\"spacer.default\">\n\t\t\t\t<div class=\"elementor-widget-container\">\n\t\t\t\t\t<div class=\"elementor-spacer\">\n\t\t\t<div class=\"elementor-spacer-inner\"><\/div>\n\t\t<\/div>\n\t\t\t\t<\/div>\n\t\t\t\t<\/div>\n\t\t\t\t\t<\/div>\n\t\t<\/div>\n\t\t\t\t<div class=\"elementor-column elementor-col-50 elementor-top-column elementor-element elementor-element-74c8c8d4 elementor-invisible\" data-id=\"74c8c8d4\" data-element_type=\"column\" data-settings=\"{&quot;animation&quot;:&quot;fadeInRight&quot;}\">\n\t\t\t<div class=\"elementor-widget-wrap elementor-element-populated\">\n\t\t\t\t\t\t<div class=\"elementor-element elementor-element-582ab881 elementor-widget elementor-widget-spacer\" data-id=\"582ab881\" data-element_type=\"widget\" data-widget_type=\"spacer.default\">\n\t\t\t\t<div class=\"elementor-widget-container\">\n\t\t\t\t\t<div class=\"elementor-spacer\">\n\t\t\t<div class=\"elementor-spacer-inner\"><\/div>\n\t\t<\/div>\n\t\t\t\t<\/div>\n\t\t\t\t<\/div>\n\t\t\t\t<div class=\"elementor-element elementor-element-55c70760 elementor-widget elementor-widget-heading\" data-id=\"55c70760\" data-element_type=\"widget\" data-widget_type=\"heading.default\">\n\t\t\t\t<div class=\"elementor-widget-container\">\n\t\t\t<h2 class=\"elementor-heading-title elementor-size-default\"><a href=\"https:\/\/ambientair.es\/wp-content\/catalogos\/Catalogo_Ambientair.pdf\" target=\"_blank\">Ambientair<\/a><\/h2>\t\t<\/div>\n\t\t\t\t<\/div>\n\t\t\t\t<div class=\"elementor-element elementor-element-7c0b3fea elementor-widget elementor-widget-raven-divider\" data-id=\"7c0b3fea\" data-element_type=\"widget\" data-widget_type=\"raven-divider.default\">\n\t\t\t\t<div class=\"elementor-widget-container\">\n\t\t\t\t\t<div class=\"raven-widget-wrapper\">\n\t\t\t<div class=\"raven-divider\">\n\t\t\t\t<span class=\"raven-divider-line raven-divider-solid\"><\/span>\n\t\t\t<\/div>\n\t\t<\/div>\n\t\t\t\t<\/div>\n\t\t\t\t<\/div>\n\t\t\t\t<div class=\"elementor-element elementor-element-40a11199 elementor-widget elementor-widget-text-editor\" data-id=\"40a11199\" data-element_type=\"widget\" data-widget_type=\"text-editor.default\">\n\t\t\t\t<div class=\"elementor-widget-container\">\n\t\t\t\t\t\t\t<p><span style=\"color: var( --e-global-color-text );\">Discover our new Ambientair Collections.<\/span><br><\/p>\n<p>Long-lasting fragrances with original and eye-catching designs.<\/p>\t\t\t\t\t\t<\/div>\n\t\t\t\t<\/div>\n\t\t\t\t<div class=\"elementor-element elementor-element-2182a8d elementor-align-center elementor-widget elementor-widget-raven-button\" data-id=\"2182a8d\" data-element_type=\"widget\" data-widget_type=\"raven-button.default\">\n\t\t\t\t<div class=\"elementor-widget-container\">\n\t\t\t\t\t<div class=\"raven-widget-wrapper\">\n\t\t\t<a class=\"raven-button raven-button-link\" href=\"https:\/\/ambientair.es\/wp-content\/catalogos\/Catalogo_Ambientair.pdf\" target=\"_blank\">\n\t\t\t\t<span class=\"raven-button-content\">\n\t\t\t\t\t\t\t\t\t\t<span class=\"raven-button-text\">\n\t\t\t\t\t\tDOWNLOAD PDF\t\t\t\t\t\t\t\t\t\t\t<\/span>\n\t\t\t\t<\/span>\n\t\t\t<\/a>\n\t\t<\/div>\n\t\t\t\t<\/div>\n\t\t\t\t<\/div>\n\t\t\t\t\t<\/div>\n\t\t<\/div>\n\t\t\t\t\t<\/div>\n\t\t<\/section>\n\t\t\t\t<section class=\"elementor-section elementor-top-section elementor-element elementor-element-77f1e62 elementor-section-boxed elementor-section-height-default elementor-section-height-default\" data-id=\"77f1e62\" data-element_type=\"section\" data-settings=\"{&quot;jet_parallax_layout_list&quot;:[]}\">\n\t\t\t\t\t\t<div class=\"elementor-container elementor-column-gap-default\">\n\t\t\t\t\t<div class=\"elementor-column elementor-col-100 elementor-top-column elementor-element elementor-element-ff4a9f9\" data-id=\"ff4a9f9\" data-element_type=\"column\">\n\t\t\t<div class=\"elementor-widget-wrap elementor-element-populated\">\n\t\t\t\t\t\t<div class=\"elementor-element elementor-element-76b4ba8 elementor-align-center elementor-widget elementor-widget-raven-button\" data-id=\"76b4ba8\" data-element_type=\"widget\" data-widget_type=\"raven-button.default\">\n\t\t\t\t<div class=\"elementor-widget-container\">\n\t\t\t\t\t<div class=\"raven-widget-wrapper\">\n\t\t\t<a class=\"raven-button raven-button-link\" href=\"https:\/\/ambientair.com.mx\/\" target=\"_blank\">\n\t\t\t\t<span class=\"raven-button-content\">\n\t\t\t\t\t\t\t\t\t\t<span class=\"raven-button-text\">\n\t\t\t\t\t\tBACK\t\t\t\t\t\t\t\t\t\t\t<\/span>\n\t\t\t\t<\/span>\n\t\t\t<\/a>\n\t\t<\/div>\n\t\t\t\t<\/div>\n\t\t\t\t<\/div>\n\t\t\t\t\t<\/div>\n\t\t<\/div>\n\t\t\t\t\t<\/div>\n\t\t<\/section>\n\t\t\t\t<\/div>\n\t\t","protected":false},"excerpt":{"rendered":"<p>Our home fragrance catalogue Thank you very much for coming this far! You can now download the Ambientair Catalogue Ambientair Discover our new Ambientair Collections. Long-lasting fragrances with original and eye-catching designs. DOWNLOAD PDF BACK<\/p>\n","protected":false},"author":1,"featured_media":0,"parent":0,"menu_order":0,"comment_status":"closed","ping_status":"closed","template":"elementor_header_footer","meta":{"_acf_changed":false,"footnotes":""},"class_list":["post-22532","page","type-page","status-publish","hentry"],"acf":[],"yoast_head":"<!-- This site is optimized with the Yoast SEO plugin v25.3 - https:\/\/yoast.com\/wordpress\/plugins\/seo\/ -->\n<title>Cat\u00e1logos - Ambientair - Ambientair.es<\/title>\n<meta name=\"description\" content=\"Nuestros cat\u00e1logos para este 2021 de ambientaci\u00f3n para el hogar\" \/>\n<meta name=\"robots\" content=\"index, follow, max-snippet:-1, max-image-preview:large, max-video-preview:-1\" \/>\n<link rel=\"canonical\" href=\"https:\/\/ambientair.com.mx\/en\/download-catalogues-ambientair\/\" \/>\n<meta property=\"og:locale\" content=\"en_US\" \/>\n<meta property=\"og:type\" content=\"article\" \/>\n<meta property=\"og:title\" content=\"Cat\u00e1logos - Ambientair - Ambientair.es\" \/>\n<meta property=\"og:description\" content=\"Nuestros cat\u00e1logos para este 2021 de ambientaci\u00f3n para el hogar\" \/>\n<meta property=\"og:url\" content=\"https:\/\/ambientair.com.mx\/en\/download-catalogues-ambientair\/\" \/>\n<meta property=\"og:site_name\" content=\"Ambientair.es - Ambientadores - Mikados y Velas arom\u00e1ticas\" \/>\n<meta property=\"article:publisher\" content=\"https:\/\/www.facebook.com\/ambientair.es\/\" \/>\n<meta property=\"article:modified_time\" content=\"2024-02-22T10:52:58+00:00\" \/>\n<meta property=\"og:image\" content=\"https:\/\/ambientair.com.mx\/wp-content\/uploads\/2022\/08\/CatalogoAmbientair2022-.jpg\" \/>\n<meta name=\"twitter:card\" content=\"summary_large_image\" \/>\n<meta name=\"twitter:site\" content=\"@ambientairaroma\" \/>\n<meta name=\"twitter:label1\" content=\"Est. reading time\" \/>\n\t<meta name=\"twitter:data1\" content=\"1 minute\" \/>\n<script type=\"application\/ld+json\" class=\"yoast-schema-graph\">{\"@context\":\"https:\/\/schema.org\",\"@graph\":[{\"@type\":\"WebPage\",\"@id\":\"https:\/\/ambientair.com.mx\/en\/download-catalogues-ambientair\/\",\"url\":\"https:\/\/ambientair.com.mx\/en\/download-catalogues-ambientair\/\",\"name\":\"Cat\u00e1logos - Ambientair - Ambientair.es\",\"isPartOf\":{\"@id\":\"https:\/\/ambientair.com.mx\/en\/#website\"},\"primaryImageOfPage\":{\"@id\":\"https:\/\/ambientair.com.mx\/en\/download-catalogues-ambientair\/#primaryimage\"},\"image\":{\"@id\":\"https:\/\/ambientair.com.mx\/en\/download-catalogues-ambientair\/#primaryimage\"},\"thumbnailUrl\":\"https:\/\/ambientair.com.mx\/wp-content\/uploads\/2022\/08\/CatalogoAmbientair2022-.jpg\",\"datePublished\":\"2022-08-16T08:29:03+00:00\",\"dateModified\":\"2024-02-22T10:52:58+00:00\",\"description\":\"Nuestros cat\u00e1logos para este 2021 de ambientaci\u00f3n para el hogar\",\"breadcrumb\":{\"@id\":\"https:\/\/ambientair.com.mx\/en\/download-catalogues-ambientair\/#breadcrumb\"},\"inLanguage\":\"en-US\",\"potentialAction\":[{\"@type\":\"ReadAction\",\"target\":[\"https:\/\/ambientair.com.mx\/en\/download-catalogues-ambientair\/\"]}]},{\"@type\":\"ImageObject\",\"inLanguage\":\"en-US\",\"@id\":\"https:\/\/ambientair.com.mx\/en\/download-catalogues-ambientair\/#primaryimage\",\"url\":\"https:\/\/ambientair.com.mx\/wp-content\/uploads\/2022\/08\/CatalogoAmbientair2022-.jpg\",\"contentUrl\":\"https:\/\/ambientair.com.mx\/wp-content\/uploads\/2022\/08\/CatalogoAmbientair2022-.jpg\"},{\"@type\":\"BreadcrumbList\",\"@id\":\"https:\/\/ambientair.com.mx\/en\/download-catalogues-ambientair\/#breadcrumb\",\"itemListElement\":[{\"@type\":\"ListItem\",\"position\":1,\"name\":\"Portada\",\"item\":\"https:\/\/ambientair.com.mx\/en\/\"},{\"@type\":\"ListItem\",\"position\":2,\"name\":\"Download Catalogues &#8211; Ambientair\"}]},{\"@type\":\"WebSite\",\"@id\":\"https:\/\/ambientair.com.mx\/en\/#website\",\"url\":\"https:\/\/ambientair.com.mx\/en\/\",\"name\":\"Ambientair.es - Ambientadores - Mikados y Velas arom\u00e1ticas\",\"description\":\"Un ambiente, una fragancia. Productos Ambientair para la ambientaci\u00f3n de la casa y el coche. Detalles perfectos ideales para regalar.\",\"potentialAction\":[{\"@type\":\"SearchAction\",\"target\":{\"@type\":\"EntryPoint\",\"urlTemplate\":\"https:\/\/ambientair.com.mx\/en\/?s={search_term_string}\"},\"query-input\":{\"@type\":\"PropertyValueSpecification\",\"valueRequired\":true,\"valueName\":\"search_term_string\"}}],\"inLanguage\":\"en-US\"}]}<\/script>\n<!-- \/ Yoast SEO plugin. -->","yoast_head_json":{"title":"Cat\u00e1logos - Ambientair - Ambientair.es","description":"Nuestros cat\u00e1logos para este 2021 de ambientaci\u00f3n para el hogar","robots":{"index":"index","follow":"follow","max-snippet":"max-snippet:-1","max-image-preview":"max-image-preview:large","max-video-preview":"max-video-preview:-1"},"canonical":"https:\/\/ambientair.com.mx\/en\/download-catalogues-ambientair\/","og_locale":"en_US","og_type":"article","og_title":"Cat\u00e1logos - Ambientair - Ambientair.es","og_description":"Nuestros cat\u00e1logos para este 2021 de ambientaci\u00f3n para el hogar","og_url":"https:\/\/ambientair.com.mx\/en\/download-catalogues-ambientair\/","og_site_name":"Ambientair.es - Ambientadores - Mikados y Velas arom\u00e1ticas","article_publisher":"https:\/\/www.facebook.com\/ambientair.es\/","article_modified_time":"2024-02-22T10:52:58+00:00","og_image":[{"url":"https:\/\/ambientair.com.mx\/wp-content\/uploads\/2022\/08\/CatalogoAmbientair2022-.jpg","type":"","width":"","height":""}],"twitter_card":"summary_large_image","twitter_site":"@ambientairaroma","twitter_misc":{"Est. reading time":"1 minute"},"schema":{"@context":"https:\/\/schema.org","@graph":[{"@type":"WebPage","@id":"https:\/\/ambientair.com.mx\/en\/download-catalogues-ambientair\/","url":"https:\/\/ambientair.com.mx\/en\/download-catalogues-ambientair\/","name":"Cat\u00e1logos - Ambientair - Ambientair.es","isPartOf":{"@id":"https:\/\/ambientair.com.mx\/en\/#website"},"primaryImageOfPage":{"@id":"https:\/\/ambientair.com.mx\/en\/download-catalogues-ambientair\/#primaryimage"},"image":{"@id":"https:\/\/ambientair.com.mx\/en\/download-catalogues-ambientair\/#primaryimage"},"thumbnailUrl":"https:\/\/ambientair.com.mx\/wp-content\/uploads\/2022\/08\/CatalogoAmbientair2022-.jpg","datePublished":"2022-08-16T08:29:03+00:00","dateModified":"2024-02-22T10:52:58+00:00","description":"Nuestros cat\u00e1logos para este 2021 de ambientaci\u00f3n para el hogar","breadcrumb":{"@id":"https:\/\/ambientair.com.mx\/en\/download-catalogues-ambientair\/#breadcrumb"},"inLanguage":"en-US","potentialAction":[{"@type":"ReadAction","target":["https:\/\/ambientair.com.mx\/en\/download-catalogues-ambientair\/"]}]},{"@type":"ImageObject","inLanguage":"en-US","@id":"https:\/\/ambientair.com.mx\/en\/download-catalogues-ambientair\/#primaryimage","url":"https:\/\/ambientair.com.mx\/wp-content\/uploads\/2022\/08\/CatalogoAmbientair2022-.jpg","contentUrl":"https:\/\/ambientair.com.mx\/wp-content\/uploads\/2022\/08\/CatalogoAmbientair2022-.jpg"},{"@type":"BreadcrumbList","@id":"https:\/\/ambientair.com.mx\/en\/download-catalogues-ambientair\/#breadcrumb","itemListElement":[{"@type":"ListItem","position":1,"name":"Portada","item":"https:\/\/ambientair.com.mx\/en\/"},{"@type":"ListItem","position":2,"name":"Download Catalogues &#8211; Ambientair"}]},{"@type":"WebSite","@id":"https:\/\/ambientair.com.mx\/en\/#website","url":"https:\/\/ambientair.com.mx\/en\/","name":"Ambientair.es - Ambientadores - Mikados y Velas arom\u00e1ticas","description":"Un ambiente, una fragancia. Productos Ambientair para la ambientaci\u00f3n de la casa y el coche. Detalles perfectos ideales para regalar.","potentialAction":[{"@type":"SearchAction","target":{"@type":"EntryPoint","urlTemplate":"https:\/\/ambientair.com.mx\/en\/?s={search_term_string}"},"query-input":{"@type":"PropertyValueSpecification","valueRequired":true,"valueName":"search_term_string"}}],"inLanguage":"en-US"}]}},"_links":{"self":[{"href":"https:\/\/ambientair.com.mx\/en\/wp-json\/wp\/v2\/pages\/22532","targetHints":{"allow":["GET"]}}],"collection":[{"href":"https:\/\/ambientair.com.mx\/en\/wp-json\/wp\/v2\/pages"}],"about":[{"href":"https:\/\/ambientair.com.mx\/en\/wp-json\/wp\/v2\/types\/page"}],"author":[{"embeddable":true,"href":"https:\/\/ambientair.com.mx\/en\/wp-json\/wp\/v2\/users\/1"}],"replies":[{"embeddable":true,"href":"https:\/\/ambientair.com.mx\/en\/wp-json\/wp\/v2\/comments?post=22532"}],"version-history":[{"count":7,"href":"https:\/\/ambientair.com.mx\/en\/wp-json\/wp\/v2\/pages\/22532\/revisions"}],"predecessor-version":[{"id":22925,"href":"https:\/\/ambientair.com.mx\/en\/wp-json\/wp\/v2\/pages\/22532\/revisions\/22925"}],"wp:attachment":[{"href":"https:\/\/ambientair.com.mx\/en\/wp-json\/wp\/v2\/media?parent=22532"}],"curies":[{"name":"wp","href":"https:\/\/api.w.org\/{rel}","templated":true}]}}