{"id":20647,"date":"2021-04-21T09:21:29","date_gmt":"2021-04-21T09:21:29","guid":{"rendered":"https:\/\/ambientair.es\/distribuye-nuestros-productos\/"},"modified":"2022-08-24T13:02:05","modified_gmt":"2022-08-24T13:02:05","slug":"distribute-our-products","status":"publish","type":"page","link":"https:\/\/ambientair.com.mx\/en\/distribute-our-products\/","title":{"rendered":"Distribute our products"},"content":{"rendered":"\t\t<div data-elementor-type=\"wp-post\" data-elementor-id=\"20647\" class=\"elementor elementor-20647\">\n\t\t\t\t\t\t<section class=\"elementor-section elementor-top-section elementor-element elementor-element-7cdaa25 elementor-section-boxed elementor-section-height-default elementor-section-height-default\" data-id=\"7cdaa25\" data-element_type=\"section\" data-settings=\"{&quot;jet_parallax_layout_list&quot;:[{&quot;_id&quot;:&quot;2175dba&quot;,&quot;jet_parallax_layout_speed&quot;:{&quot;unit&quot;:&quot;%&quot;,&quot;size&quot;:49,&quot;sizes&quot;:[]},&quot;jet_parallax_layout_bg_y&quot;:47,&quot;jet_parallax_layout_image&quot;:{&quot;url&quot;:&quot;&quot;,&quot;id&quot;:&quot;&quot;,&quot;size&quot;:&quot;&quot;},&quot;jet_parallax_layout_image_tablet&quot;:{&quot;url&quot;:&quot;&quot;,&quot;id&quot;:&quot;&quot;,&quot;size&quot;:&quot;&quot;},&quot;jet_parallax_layout_image_mobile&quot;:{&quot;url&quot;:&quot;&quot;,&quot;id&quot;:&quot;&quot;,&quot;size&quot;:&quot;&quot;},&quot;jet_parallax_layout_type&quot;:&quot;scroll&quot;,&quot;jet_parallax_layout_direction&quot;:null,&quot;jet_parallax_layout_fx_direction&quot;:null,&quot;jet_parallax_layout_z_index&quot;:&quot;&quot;,&quot;jet_parallax_layout_bg_x&quot;:50,&quot;jet_parallax_layout_bg_x_tablet&quot;:&quot;&quot;,&quot;jet_parallax_layout_bg_x_mobile&quot;:&quot;&quot;,&quot;jet_parallax_layout_bg_y_tablet&quot;:&quot;&quot;,&quot;jet_parallax_layout_bg_y_mobile&quot;:&quot;&quot;,&quot;jet_parallax_layout_bg_size&quot;:&quot;auto&quot;,&quot;jet_parallax_layout_bg_size_tablet&quot;:&quot;&quot;,&quot;jet_parallax_layout_bg_size_mobile&quot;:&quot;&quot;,&quot;jet_parallax_layout_animation_prop&quot;:&quot;transform&quot;,&quot;jet_parallax_layout_on&quot;:[&quot;desktop&quot;,&quot;tablet&quot;]}],&quot;background_background&quot;:&quot;classic&quot;}\">\n\t\t\t\t\t\t\t<div class=\"elementor-background-overlay\"><\/div>\n\t\t\t\t\t\t\t<div class=\"elementor-container elementor-column-gap-default\">\n\t\t\t\t\t<div class=\"elementor-column elementor-col-50 elementor-top-column elementor-element elementor-element-8a6d996\" data-id=\"8a6d996\" data-element_type=\"column\" data-settings=\"{&quot;background_background&quot;:&quot;classic&quot;}\">\n\t\t\t<div class=\"elementor-widget-wrap elementor-element-populated\">\n\t\t\t\t\t<div class=\"elementor-background-overlay\"><\/div>\n\t\t\t\t\t\t<div class=\"elementor-element elementor-element-1371e5a elementor-align-center elementor-widget elementor-widget-raven-heading\" data-id=\"1371e5a\" data-element_type=\"widget\" data-widget_type=\"raven-heading.default\">\n\t\t\t\t<div class=\"elementor-widget-container\">\n\t\t\t\t\t<div class=\"raven-widget-wrapper\"><h1 class=\"raven-heading raven-heading-h1\"><span class=\"raven-heading-title\">Do you want to distribute our products?\n<\/span><\/h1><\/div>\n\t\t\t\t<\/div>\n\t\t\t\t<\/div>\n\t\t\t\t<div class=\"elementor-element elementor-element-ec3b2b4 raven-form-button-align-center elementor-widget elementor-widget-raven-form\" data-id=\"ec3b2b4\" data-element_type=\"widget\" data-settings=\"{&quot;fields&quot;:[{&quot;_id&quot;:&quot;8fcde89&quot;,&quot;required&quot;:&quot;true&quot;,&quot;acceptance_text&quot;:null,&quot;placeholder&quot;:&quot;Name and surname*&quot;,&quot;label&quot;:&quot;Name and surname&quot;,&quot;type&quot;:&quot;text&quot;,&quot;field_value&quot;:&quot;&quot;,&quot;recaptcha_badge&quot;:null,&quot;recaptcha_theme&quot;:null,&quot;recaptcha_size&quot;:null,&quot;checked_by_default&quot;:null,&quot;min_time&quot;:null,&quot;max_time&quot;:null,&quot;min_date&quot;:null,&quot;max_date&quot;:null,&quot;localization&quot;:null,&quot;min&quot;:null,&quot;max&quot;:null,&quot;field_options&quot;:null,&quot;inline_list&quot;:null,&quot;native_html5&quot;:null,&quot;multiple_selection&quot;:null,&quot;rows&quot;:null,&quot;file_sizes&quot;:null,&quot;file_types&quot;:null,&quot;allow_multiple_upload&quot;:null,&quot;max_files&quot;:null,&quot;width&quot;:&quot;100&quot;},{&quot;type&quot;:&quot;email&quot;,&quot;_id&quot;:&quot;6ea29fe&quot;,&quot;required&quot;:&quot;true&quot;,&quot;acceptance_text&quot;:null,&quot;placeholder&quot;:&quot;Your email*&quot;,&quot;label&quot;:&quot;E-mail&quot;,&quot;field_value&quot;:&quot;&quot;,&quot;recaptcha_badge&quot;:null,&quot;recaptcha_theme&quot;:null,&quot;recaptcha_size&quot;:null,&quot;checked_by_default&quot;:null,&quot;min_time&quot;:null,&quot;max_time&quot;:null,&quot;min_date&quot;:null,&quot;max_date&quot;:null,&quot;localization&quot;:null,&quot;min&quot;:null,&quot;max&quot;:null,&quot;field_options&quot;:null,&quot;inline_list&quot;:null,&quot;native_html5&quot;:null,&quot;multiple_selection&quot;:null,&quot;rows&quot;:null,&quot;file_sizes&quot;:null,&quot;file_types&quot;:null,&quot;allow_multiple_upload&quot;:null,&quot;max_files&quot;:null,&quot;width&quot;:&quot;100&quot;},{&quot;type&quot;:&quot;tel&quot;,&quot;_id&quot;:&quot;4f7ee58&quot;,&quot;acceptance_text&quot;:null,&quot;placeholder&quot;:&quot;Telephone number&quot;,&quot;label&quot;:&quot;Phone&quot;,&quot;field_value&quot;:&quot;&quot;,&quot;recaptcha_badge&quot;:null,&quot;recaptcha_theme&quot;:null,&quot;recaptcha_size&quot;:null,&quot;checked_by_default&quot;:null,&quot;min_time&quot;:null,&quot;max_time&quot;:null,&quot;min_date&quot;:null,&quot;max_date&quot;:null,&quot;localization&quot;:null,&quot;min&quot;:null,&quot;max&quot;:null,&quot;field_options&quot;:null,&quot;inline_list&quot;:null,&quot;native_html5&quot;:null,&quot;multiple_selection&quot;:null,&quot;rows&quot;:null,&quot;required&quot;:&quot;&quot;,&quot;file_sizes&quot;:null,&quot;file_types&quot;:null,&quot;allow_multiple_upload&quot;:null,&quot;max_files&quot;:null,&quot;width&quot;:&quot;100&quot;},{&quot;_id&quot;:&quot;aa000c1&quot;,&quot;type&quot;:&quot;textarea&quot;,&quot;required&quot;:&quot;true&quot;,&quot;acceptance_text&quot;:null,&quot;rows&quot;:2,&quot;placeholder&quot;:&quot;Tell us how we can help you&quot;,&quot;label&quot;:&quot;Messaje&quot;,&quot;field_value&quot;:&quot;&quot;,&quot;recaptcha_badge&quot;:null,&quot;recaptcha_theme&quot;:null,&quot;recaptcha_size&quot;:null,&quot;checked_by_default&quot;:null,&quot;min_time&quot;:null,&quot;max_time&quot;:null,&quot;min_date&quot;:null,&quot;max_date&quot;:null,&quot;localization&quot;:null,&quot;min&quot;:null,&quot;max&quot;:null,&quot;field_options&quot;:null,&quot;inline_list&quot;:null,&quot;native_html5&quot;:null,&quot;multiple_selection&quot;:null,&quot;file_sizes&quot;:null,&quot;file_types&quot;:null,&quot;allow_multiple_upload&quot;:null,&quot;max_files&quot;:null,&quot;width&quot;:&quot;100&quot;},{&quot;_id&quot;:&quot;6f54e39&quot;,&quot;acceptance_text&quot;:null,&quot;field_options&quot;:null,&quot;inline_list&quot;:null,&quot;required&quot;:&quot;true&quot;,&quot;label&quot;:&quot;Country&quot;,&quot;placeholder&quot;:&quot;Country&quot;,&quot;type&quot;:&quot;text&quot;,&quot;field_value&quot;:&quot;&quot;,&quot;recaptcha_badge&quot;:null,&quot;recaptcha_theme&quot;:null,&quot;recaptcha_size&quot;:null,&quot;checked_by_default&quot;:null,&quot;min_time&quot;:null,&quot;max_time&quot;:null,&quot;min_date&quot;:null,&quot;max_date&quot;:null,&quot;localization&quot;:null,&quot;min&quot;:null,&quot;max&quot;:null,&quot;native_html5&quot;:null,&quot;multiple_selection&quot;:null,&quot;rows&quot;:null,&quot;file_sizes&quot;:null,&quot;file_types&quot;:null,&quot;allow_multiple_upload&quot;:null,&quot;max_files&quot;:null,&quot;width&quot;:&quot;100&quot;},{&quot;_id&quot;:&quot;d0812bf&quot;,&quot;type&quot;:&quot;acceptance&quot;,&quot;label&quot;:&quot;Aceptaci\\u00f3n pol\\u00edtica de privacidad&quot;,&quot;acceptance_text&quot;:&quot;&lt;span style = \\&quot;text-transform: none; font-size: 12px; line-height: 15px\\&quot;&gt; I accept the &lt;a href=\\&quot;https:\\\/\\\/ambientair.com.mx\\\/en\\\/privacy-policy\\\/\\&quot;&gt; &lt;u&gt; Privacy Policy &lt;\\\/u&gt; &lt;\\\/a&gt; and I give my consent to provide my data in order to receive information about Ambientair or its products through my email. Ambientair Aromas S.L., with RFC AME130516TK5, and website https:\\\/\\\/ambientair.es will only use this email to send me such information. As a user, I have the right to access, rectify, delete, carry, limit my data, as well as object to the treatments. &lt;\\\/span&gt;&quot;,&quot;required&quot;:&quot;true&quot;,&quot;field_value&quot;:null,&quot;placeholder&quot;:null,&quot;recaptcha_badge&quot;:null,&quot;recaptcha_theme&quot;:null,&quot;recaptcha_size&quot;:null,&quot;checked_by_default&quot;:&quot;&quot;,&quot;min_time&quot;:null,&quot;max_time&quot;:null,&quot;min_date&quot;:null,&quot;max_date&quot;:null,&quot;localization&quot;:null,&quot;min&quot;:null,&quot;max&quot;:null,&quot;field_options&quot;:null,&quot;inline_list&quot;:null,&quot;native_html5&quot;:null,&quot;multiple_selection&quot;:null,&quot;rows&quot;:null,&quot;file_sizes&quot;:null,&quot;file_types&quot;:null,&quot;allow_multiple_upload&quot;:null,&quot;max_files&quot;:null,&quot;width&quot;:&quot;100&quot;}]}\" data-widget_type=\"raven-form.default\">\n\t\t\t\t<div class=\"elementor-widget-container\">\n\t\t\t\t\t<form class=\"raven-form raven-flex raven-flex-wrap raven-flex-bottom\" method=\"post\" name=\"Contacto Ambientair\">\n\t\t\t<input type=\"hidden\" name=\"post_id\" value=\"20647\" \/>\n\t\t\t<input type=\"hidden\" name=\"form_id\" value=\"ec3b2b4\" \/>\n\t\t\t\t\t<div id=\"raven-field-group-8fcde89\" class=\"raven-flex-wrap raven-field-type-text raven-field-group elementor-column elementor-col-100 raven-field-required\">\n\t\t\t\t\t<label\n\t\t\tfor=\"form-field-8fcde89\"\n\t\t\tclass=\"raven-field-label\">\n\t\t\tName and surname\t\t\t\t\t\t\t<span class=\"required-mark-label\"><\/span>\n\t\t\t\t\t\t<\/label>\n\t\t\t\t<input\n\t\t\toninput=\"onInvalidRavenFormField(event)\"\n\t\t\toninvalid=\"onInvalidRavenFormField(event)\"\n\t\t\ttype=\"text\" name=\"fields[8fcde89]\" id=\"form-field-8fcde89\" class=\"raven-field\" placeholder=\"Name and surname*\" data-type=\"text\" required=\"required\">\n\t\t\t\t<\/div>\n\t\t\t\t<div id=\"raven-field-group-6ea29fe\" class=\"raven-flex-wrap raven-field-type-email raven-field-group elementor-column elementor-col-100 raven-field-required\">\n\t\t\t\t\t<label\n\t\t\tfor=\"form-field-6ea29fe\"\n\t\t\tclass=\"raven-field-label\">\n\t\t\tE-mail\t\t\t\t\t\t\t<span class=\"required-mark-label\"><\/span>\n\t\t\t\t\t\t<\/label>\n\t\t\t\t<input\n\t\t\toninput=\"onInvalidRavenFormField(event)\"\n\t\t\toninvalid=\"onInvalidRavenFormField(event)\"\n\t\t\ttype=\"email\" name=\"fields[6ea29fe]\" id=\"form-field-6ea29fe\" class=\"raven-field\" placeholder=\"Your email*\" data-type=\"email\" required=\"required\">\n\t\t\t\t<\/div>\n\t\t\t\t<div id=\"raven-field-group-4f7ee58\" class=\"raven-flex-wrap raven-field-type-tel raven-field-group elementor-column elementor-col-100\">\n\t\t\t\t\t<label\n\t\t\tfor=\"form-field-4f7ee58\"\n\t\t\tclass=\"raven-field-label\">\n\t\t\tPhone\t\t\t\t\t\t<\/label>\n\t\t\t\t<input\n\t\t\toninput=\"onInvalidRavenFormField(event)\"\n\t\t\toninvalid=\"onInvalidRavenFormField(event)\"\n\t\t\ttype=\"tel\" name=\"fields[4f7ee58]\" id=\"form-field-4f7ee58\" class=\"raven-field\" placeholder=\"Telephone number\" data-type=\"tel\" pattern=\"^[0-9\\-\\+\\s\\(\\)]*$\" title=\"The value should only consist numbers and phone characters (-, +, (), etc)\">\n\t\t\t\t<\/div>\n\t\t\t\t<div id=\"raven-field-group-aa000c1\" class=\"raven-flex-wrap raven-field-type-textarea raven-field-group elementor-column elementor-col-100 raven-field-required\">\n\t\t\t\t\t<label\n\t\t\tfor=\"form-field-aa000c1\"\n\t\t\tclass=\"raven-field-label\">\n\t\t\tMessaje\t\t\t\t\t\t\t<span class=\"required-mark-label\"><\/span>\n\t\t\t\t\t\t<\/label>\n\t\t\t\t<textarea\n\t\t\toninput=\"onInvalidRavenFormField(event)\"\n\t\t\toninvalid=\"onInvalidRavenFormField(event)\"\n\t\t\ttype=\"textarea\" name=\"fields[aa000c1]\" id=\"form-field-aa000c1\" class=\"raven-field\" placeholder=\"Tell us how we can help you\" data-type=\"textarea\" required=\"required\"\t\t\trows=\"2\"><\/textarea>\n\t\t\t\t<\/div>\n\t\t\t\t<div id=\"raven-field-group-6f54e39\" class=\"raven-flex-wrap raven-field-type-text raven-field-group elementor-column elementor-col-100 raven-field-required\">\n\t\t\t\t\t<label\n\t\t\tfor=\"form-field-6f54e39\"\n\t\t\tclass=\"raven-field-label\">\n\t\t\tCountry\t\t\t\t\t\t\t<span class=\"required-mark-label\"><\/span>\n\t\t\t\t\t\t<\/label>\n\t\t\t\t<input\n\t\t\toninput=\"onInvalidRavenFormField(event)\"\n\t\t\toninvalid=\"onInvalidRavenFormField(event)\"\n\t\t\ttype=\"text\" name=\"fields[6f54e39]\" id=\"form-field-6f54e39\" class=\"raven-field\" placeholder=\"Country\" data-type=\"text\" required=\"required\">\n\t\t\t\t<\/div>\n\t\t\t\t<div id=\"raven-field-group-d0812bf\" class=\"raven-flex-wrap raven-field-type-acceptance raven-field-group elementor-column elementor-col-100 raven-field-required\">\n\t\t\t\t\t<label\n\t\t\tfor=\"form-field-d0812bf\"\n\t\t\tclass=\"raven-field-label\">\n\t\t\tAceptaci\u00f3n pol\u00edtica de privacidad\t\t\t\t\t\t\t<span class=\"required-mark-label\"><\/span>\n\t\t\t\t\t\t<\/label>\n\t\t\t\t<div class=\"raven-field-subgroup\">\n\t\t\t<span class=\"raven-field-option raven-field-option-checkbox\">\n\t\t\t\t<input\n\t\t\t\t\toninput=\"onInvalidRavenFormField(event)\"\n\t\t\t\t\toninvalid=\"onInvalidRavenFormField(event)\"\n\t\t\t\t\ttype=\"checkbox\" name=\"fields[d0812bf]\" id=\"form-field-d0812bf\" required=\"required\"  class=\"raven-field\">\n\t\t\t\t<label\n\t\t\t\t\tfor=\"form-field-d0812bf\"\n\t\t\t\t\tclass=\"raven-field-label\">\n\t\t\t\t\t<span style = \"text-transform: none; font-size: 12px; line-height: 15px\"> I accept the <a href=\"https:\/\/ambientair.com.mx\/en\/privacy-policy\/\"> <u> Privacy Policy <\/u> <\/a> and I give my consent to provide my data in order to receive information about Ambientair or its products through my email. Ambientair Aromas S.L., with RFC AME130516TK5, and website https:\/\/ambientair.es will only use this email to send me such information. As a user, I have the right to access, rectify, delete, carry, limit my data, as well as object to the treatments. <\/span>\t\t\t\t\t\t\t\t\t\t\t<span class=\"required-mark-label\"><\/span>\n\t\t\t\t\t\t\t\t\t\t<\/label>\n\t\t\t<\/span>\n\t\t<\/div>\n\t\t\t\t<\/div>\n\t\t\t\t\t<div class=\"raven-field-group raven-field-type-submit-button elementor-column elementor-col-100 justify\">\n\t\t\t\t<button type=\"submit\" class=\"raven-submit-button\">\n\t\t\t\t\t\t\t\t\t\t<span>Send<\/span>\n\t\t\t\t<\/button>\n\t\t\t<\/div>\n\t\t<\/form>\n\n\t\t\t\t<\/div>\n\t\t\t\t<\/div>\n\t\t\t\t<div class=\"elementor-element elementor-element-304368f elementor-widget elementor-widget-html\" data-id=\"304368f\" data-element_type=\"widget\" data-widget_type=\"html.default\">\n\t\t\t\t<div class=\"elementor-widget-container\">\n\t\t\t<iframe src=\"https:\/\/www.faire.com\/embed\/bw_x83ykpgd5x\" width=\"240\" height=\"50\" scrolling=\"no\" style=\"margin:0 auto;border:none;display:block;max-width:100%;\"><\/iframe>\t\t<\/div>\n\t\t\t\t<\/div>\n\t\t\t\t\t<\/div>\n\t\t<\/div>\n\t\t\t\t<div class=\"elementor-column elementor-col-50 elementor-top-column elementor-element elementor-element-12c8e1c\" data-id=\"12c8e1c\" data-element_type=\"column\">\n\t\t\t<div class=\"elementor-widget-wrap elementor-element-populated\">\n\t\t\t\t\t\t<section class=\"elementor-section elementor-inner-section elementor-element elementor-element-a550999 elementor-section-boxed elementor-section-height-default elementor-section-height-default\" data-id=\"a550999\" data-element_type=\"section\" data-settings=\"{&quot;jet_parallax_layout_list&quot;:[{&quot;jet_parallax_layout_image&quot;:{&quot;url&quot;:&quot;&quot;,&quot;id&quot;:&quot;&quot;,&quot;size&quot;:&quot;&quot;},&quot;_id&quot;:&quot;af2730e&quot;,&quot;jet_parallax_layout_image_tablet&quot;:{&quot;url&quot;:&quot;&quot;,&quot;id&quot;:&quot;&quot;,&quot;size&quot;:&quot;&quot;},&quot;jet_parallax_layout_image_mobile&quot;:{&quot;url&quot;:&quot;&quot;,&quot;id&quot;:&quot;&quot;,&quot;size&quot;:&quot;&quot;},&quot;jet_parallax_layout_speed&quot;:{&quot;unit&quot;:&quot;%&quot;,&quot;size&quot;:50,&quot;sizes&quot;:[]},&quot;jet_parallax_layout_type&quot;:&quot;scroll&quot;,&quot;jet_parallax_layout_direction&quot;:null,&quot;jet_parallax_layout_fx_direction&quot;:null,&quot;jet_parallax_layout_z_index&quot;:&quot;&quot;,&quot;jet_parallax_layout_bg_x&quot;:50,&quot;jet_parallax_layout_bg_x_tablet&quot;:&quot;&quot;,&quot;jet_parallax_layout_bg_x_mobile&quot;:&quot;&quot;,&quot;jet_parallax_layout_bg_y&quot;:50,&quot;jet_parallax_layout_bg_y_tablet&quot;:&quot;&quot;,&quot;jet_parallax_layout_bg_y_mobile&quot;:&quot;&quot;,&quot;jet_parallax_layout_bg_size&quot;:&quot;auto&quot;,&quot;jet_parallax_layout_bg_size_tablet&quot;:&quot;&quot;,&quot;jet_parallax_layout_bg_size_mobile&quot;:&quot;&quot;,&quot;jet_parallax_layout_animation_prop&quot;:&quot;transform&quot;,&quot;jet_parallax_layout_on&quot;:[&quot;desktop&quot;,&quot;tablet&quot;]}]}\">\n\t\t\t\t\t\t<div class=\"elementor-container elementor-column-gap-default\">\n\t\t\t\t\t<div class=\"elementor-column elementor-col-100 elementor-inner-column elementor-element elementor-element-c6f6ddd\" data-id=\"c6f6ddd\" data-element_type=\"column\">\n\t\t\t<div class=\"elementor-widget-wrap\">\n\t\t\t\t\t\t\t<\/div>\n\t\t<\/div>\n\t\t\t\t\t<\/div>\n\t\t<\/section>\n\t\t\t\t\t<\/div>\n\t\t<\/div>\n\t\t\t\t\t<\/div>\n\t\t<\/section>\n\t\t\t\t<\/div>\n\t\t","protected":false},"excerpt":{"rendered":"<p>Do you want to distribute our products? Name and surname E-mail Phone Messaje Country Aceptaci\u00f3n pol\u00edtica de privacidad I accept the Privacy Policy and I give my consent to provide my data in order to receive information about Ambientair or its products through my email. Ambientair Aromas S.L., with RFC AME130516TK5, and website https:\/\/ambientair.es will [&hellip;]<\/p>\n","protected":false},"author":1,"featured_media":0,"parent":0,"menu_order":0,"comment_status":"closed","ping_status":"closed","template":"elementor_header_footer","meta":{"_acf_changed":false,"footnotes":""},"class_list":["post-20647","page","type-page","status-publish","hentry"],"acf":[],"yoast_head":"<!-- This site is optimized with the Yoast SEO plugin v25.3 - https:\/\/yoast.com\/wordpress\/plugins\/seo\/ -->\n<title>Distribute our products - Ambientair.es - Ambientadores - Mikados y Velas arom\u00e1ticas<\/title>\n<meta name=\"robots\" content=\"index, follow, max-snippet:-1, max-image-preview:large, max-video-preview:-1\" \/>\n<link rel=\"canonical\" href=\"https:\/\/ambientair.com.mx\/en\/distribute-our-products\/\" \/>\n<meta property=\"og:locale\" content=\"en_US\" \/>\n<meta property=\"og:type\" content=\"article\" \/>\n<meta property=\"og:title\" content=\"Distribute our products - Ambientair.es - Ambientadores - Mikados y Velas arom\u00e1ticas\" \/>\n<meta property=\"og:description\" content=\"Do you want to distribute our products? Name and surname E-mail Phone Messaje Country Aceptaci\u00f3n pol\u00edtica de privacidad I accept the Privacy Policy and I give my consent to provide my data in order to receive information about Ambientair or its products through my email. Ambientair Aromas S.L., with RFC AME130516TK5, and website https:\/\/ambientair.es will [&hellip;]\" \/>\n<meta property=\"og:url\" content=\"https:\/\/ambientair.com.mx\/en\/distribute-our-products\/\" \/>\n<meta property=\"og:site_name\" content=\"Ambientair.es - Ambientadores - Mikados y Velas arom\u00e1ticas\" \/>\n<meta property=\"article:publisher\" content=\"https:\/\/www.facebook.com\/ambientair.es\/\" \/>\n<meta property=\"article:modified_time\" content=\"2022-08-24T13:02:05+00:00\" \/>\n<meta name=\"twitter:card\" content=\"summary_large_image\" \/>\n<meta name=\"twitter:site\" content=\"@ambientairaroma\" \/>\n<meta name=\"twitter:label1\" content=\"Est. reading time\" \/>\n\t<meta name=\"twitter:data1\" content=\"1 minute\" \/>\n<script type=\"application\/ld+json\" class=\"yoast-schema-graph\">{\"@context\":\"https:\/\/schema.org\",\"@graph\":[{\"@type\":\"WebPage\",\"@id\":\"https:\/\/ambientair.com.mx\/en\/distribute-our-products\/\",\"url\":\"https:\/\/ambientair.com.mx\/en\/distribute-our-products\/\",\"name\":\"Distribute our products - Ambientair.es - Ambientadores - Mikados y Velas arom\u00e1ticas\",\"isPartOf\":{\"@id\":\"https:\/\/ambientair.com.mx\/en\/#website\"},\"datePublished\":\"2021-04-21T09:21:29+00:00\",\"dateModified\":\"2022-08-24T13:02:05+00:00\",\"breadcrumb\":{\"@id\":\"https:\/\/ambientair.com.mx\/en\/distribute-our-products\/#breadcrumb\"},\"inLanguage\":\"en-US\",\"potentialAction\":[{\"@type\":\"ReadAction\",\"target\":[\"https:\/\/ambientair.com.mx\/en\/distribute-our-products\/\"]}]},{\"@type\":\"BreadcrumbList\",\"@id\":\"https:\/\/ambientair.com.mx\/en\/distribute-our-products\/#breadcrumb\",\"itemListElement\":[{\"@type\":\"ListItem\",\"position\":1,\"name\":\"Portada\",\"item\":\"https:\/\/ambientair.com.mx\/en\/\"},{\"@type\":\"ListItem\",\"position\":2,\"name\":\"Distribute our products\"}]},{\"@type\":\"WebSite\",\"@id\":\"https:\/\/ambientair.com.mx\/en\/#website\",\"url\":\"https:\/\/ambientair.com.mx\/en\/\",\"name\":\"Ambientair.es - Ambientadores - Mikados y Velas arom\u00e1ticas\",\"description\":\"Un ambiente, una fragancia. Productos Ambientair para la ambientaci\u00f3n de la casa y el coche. Detalles perfectos ideales para regalar.\",\"potentialAction\":[{\"@type\":\"SearchAction\",\"target\":{\"@type\":\"EntryPoint\",\"urlTemplate\":\"https:\/\/ambientair.com.mx\/en\/?s={search_term_string}\"},\"query-input\":{\"@type\":\"PropertyValueSpecification\",\"valueRequired\":true,\"valueName\":\"search_term_string\"}}],\"inLanguage\":\"en-US\"}]}<\/script>\n<!-- \/ Yoast SEO plugin. -->","yoast_head_json":{"title":"Distribute our products - Ambientair.es - Ambientadores - Mikados y Velas arom\u00e1ticas","robots":{"index":"index","follow":"follow","max-snippet":"max-snippet:-1","max-image-preview":"max-image-preview:large","max-video-preview":"max-video-preview:-1"},"canonical":"https:\/\/ambientair.com.mx\/en\/distribute-our-products\/","og_locale":"en_US","og_type":"article","og_title":"Distribute our products - Ambientair.es - Ambientadores - Mikados y Velas arom\u00e1ticas","og_description":"Do you want to distribute our products? Name and surname E-mail Phone Messaje Country Aceptaci\u00f3n pol\u00edtica de privacidad I accept the Privacy Policy and I give my consent to provide my data in order to receive information about Ambientair or its products through my email. Ambientair Aromas S.L., with RFC AME130516TK5, and website https:\/\/ambientair.es will [&hellip;]","og_url":"https:\/\/ambientair.com.mx\/en\/distribute-our-products\/","og_site_name":"Ambientair.es - Ambientadores - Mikados y Velas arom\u00e1ticas","article_publisher":"https:\/\/www.facebook.com\/ambientair.es\/","article_modified_time":"2022-08-24T13:02:05+00:00","twitter_card":"summary_large_image","twitter_site":"@ambientairaroma","twitter_misc":{"Est. reading time":"1 minute"},"schema":{"@context":"https:\/\/schema.org","@graph":[{"@type":"WebPage","@id":"https:\/\/ambientair.com.mx\/en\/distribute-our-products\/","url":"https:\/\/ambientair.com.mx\/en\/distribute-our-products\/","name":"Distribute our products - Ambientair.es - Ambientadores - Mikados y Velas arom\u00e1ticas","isPartOf":{"@id":"https:\/\/ambientair.com.mx\/en\/#website"},"datePublished":"2021-04-21T09:21:29+00:00","dateModified":"2022-08-24T13:02:05+00:00","breadcrumb":{"@id":"https:\/\/ambientair.com.mx\/en\/distribute-our-products\/#breadcrumb"},"inLanguage":"en-US","potentialAction":[{"@type":"ReadAction","target":["https:\/\/ambientair.com.mx\/en\/distribute-our-products\/"]}]},{"@type":"BreadcrumbList","@id":"https:\/\/ambientair.com.mx\/en\/distribute-our-products\/#breadcrumb","itemListElement":[{"@type":"ListItem","position":1,"name":"Portada","item":"https:\/\/ambientair.com.mx\/en\/"},{"@type":"ListItem","position":2,"name":"Distribute our products"}]},{"@type":"WebSite","@id":"https:\/\/ambientair.com.mx\/en\/#website","url":"https:\/\/ambientair.com.mx\/en\/","name":"Ambientair.es - Ambientadores - Mikados y Velas arom\u00e1ticas","description":"Un ambiente, una fragancia. Productos Ambientair para la ambientaci\u00f3n de la casa y el coche. Detalles perfectos ideales para regalar.","potentialAction":[{"@type":"SearchAction","target":{"@type":"EntryPoint","urlTemplate":"https:\/\/ambientair.com.mx\/en\/?s={search_term_string}"},"query-input":{"@type":"PropertyValueSpecification","valueRequired":true,"valueName":"search_term_string"}}],"inLanguage":"en-US"}]}},"_links":{"self":[{"href":"https:\/\/ambientair.com.mx\/en\/wp-json\/wp\/v2\/pages\/20647","targetHints":{"allow":["GET"]}}],"collection":[{"href":"https:\/\/ambientair.com.mx\/en\/wp-json\/wp\/v2\/pages"}],"about":[{"href":"https:\/\/ambientair.com.mx\/en\/wp-json\/wp\/v2\/types\/page"}],"author":[{"embeddable":true,"href":"https:\/\/ambientair.com.mx\/en\/wp-json\/wp\/v2\/users\/1"}],"replies":[{"embeddable":true,"href":"https:\/\/ambientair.com.mx\/en\/wp-json\/wp\/v2\/comments?post=20647"}],"version-history":[{"count":16,"href":"https:\/\/ambientair.com.mx\/en\/wp-json\/wp\/v2\/pages\/20647\/revisions"}],"predecessor-version":[{"id":22628,"href":"https:\/\/ambientair.com.mx\/en\/wp-json\/wp\/v2\/pages\/20647\/revisions\/22628"}],"wp:attachment":[{"href":"https:\/\/ambientair.com.mx\/en\/wp-json\/wp\/v2\/media?parent=20647"}],"curies":[{"name":"wp","href":"https:\/\/api.w.org\/{rel}","templated":true}]}}